{"id":46,"date":"2021-02-16T11:44:42","date_gmt":"2021-02-16T11:44:42","guid":{"rendered":"https:\/\/demosites.io\/neve-3\/?page_id=46"},"modified":"2025-01-06T17:14:45","modified_gmt":"2025-01-06T17:14:45","slug":"7b3c2-homepage","status":"publish","type":"page","link":"https:\/\/sur-les-traces-de-la-democratie.com\/en\/","title":{"rendered":"On the Footsteps of Democracy"},"content":{"rendered":"<figure class=\"wp-block-image alignfull\"><img fetchpriority=\"high\" decoding=\"async\" width=\"800\" height=\"343\" src=\"https:\/\/sur-les-traces-de-la-democratie.com\/wp-content\/uploads\/2022\/02\/gif-birds_800px.gif\" alt=\"\" class=\"wp-image-496\"\/><\/figure>\n\n\n\n<div style=\"height:40px\" aria-hidden=\"true\" class=\"wp-block-spacer\"><\/div>\n\n\n\n<div class=\"wp-block-columns is-layout-flex wp-container-core-columns-is-layout-9d6595d7 wp-block-columns-is-layout-flex\">\n<div class=\"wp-block-column is-layout-flow wp-block-column-is-layout-flow\">\n<div class=\"wp-block-group is-nowrap is-layout-flex wp-container-core-group-is-layout-ad2f72ca wp-block-group-is-layout-flex\">\n<h2 class=\"wp-block-heading\">Winner of the 2024 Free Speech Award<\/h2>\n\n\n\n<figure class=\"wp-block-embed is-type-video is-provider-vimeo wp-block-embed-vimeo wp-embed-aspect-16-9 wp-has-aspect-ratio\"><div class=\"wp-block-embed__wrapper\">\n<div class=\"nv-iframe-embed\"><iframe title=\"Speak EZ: Steve Vilhem, 11.2024\" src=\"https:\/\/player.vimeo.com\/video\/1028968447?dnt=1&amp;app_id=122963\" width=\"1200\" height=\"675\" frameborder=\"0\" allow=\"autoplay; fullscreen; picture-in-picture; clipboard-write\"><\/iframe><\/div>\n<\/div><\/figure>\n<\/div>\n\n\n\n<p>The Freedom of Expression Film Festival awarded our documentary an award.<\/p>\n\n\n\n<div class=\"wp-block-buttons is-content-justification-center is-layout-flex wp-container-core-buttons-is-layout-16018d1d wp-block-buttons-is-layout-flex\">\n<div class=\"wp-block-button is-style-primary\"><a class=\"wp-block-button__link wp-element-button\" href=\"https:\/\/freespeechfilmfestival.org\/steve-vilhem-2024-free-speech-award-winner-shows-the-power-of-storytelling-to-advance-human-rights\/\">Read more<\/a><\/div>\n<\/div>\n<\/div>\n\n\n\n<div class=\"wp-block-column is-layout-flow wp-block-column-is-layout-flow\">\n<figure class=\"wp-block-embed is-type-video is-provider-vimeo wp-block-embed-vimeo wp-embed-aspect-16-9 wp-has-aspect-ratio\"><div class=\"wp-block-embed__wrapper\">\n<div class=\"nv-iframe-embed\"><iframe title=\"Speak EZ: Steve Vilhem, 11.2024\" src=\"https:\/\/player.vimeo.com\/video\/1028968447?dnt=1&amp;app_id=122963\" width=\"1200\" height=\"675\" frameborder=\"0\" allow=\"autoplay; fullscreen; picture-in-picture; clipboard-write\"><\/iframe><\/div>\n<\/div><\/figure>\n<\/div>\n<\/div>\n\n\n\n<div style=\"height:63px\" aria-hidden=\"true\" class=\"wp-block-spacer\"><\/div>\n\n\n\n<div class=\"wp-block-columns is-layout-flex wp-container-core-columns-is-layout-9d6595d7 wp-block-columns-is-layout-flex\">\n<div class=\"wp-block-column is-vertically-aligned-center is-layout-flow wp-block-column-is-layout-flow\">\n<figure class=\"wp-block-embed is-type-video is-provider-vimeo wp-block-embed-vimeo wp-embed-aspect-16-9 wp-has-aspect-ratio\"><div class=\"wp-block-embed__wrapper\">\n<div class=\"nv-iframe-embed\"><iframe title=\"Sur les traces de la D\u00e9mocratie - L&#039;Islande (2023) Teaser\" src=\"https:\/\/player.vimeo.com\/video\/705367468?dnt=1&amp;app_id=122963\" width=\"1200\" height=\"675\" frameborder=\"0\" allow=\"autoplay; fullscreen; picture-in-picture; clipboard-write\"><\/iframe><\/div>\n<\/div><\/figure>\n<\/div>\n\n\n\n<div class=\"wp-block-column is-vertically-aligned-center is-layout-flow wp-block-column-is-layout-flow\">\n<h2 class=\"wp-block-heading\" id=\"quelle-revolution-democratique-en-islande\">What democratic revolution in Iceland?<\/h2>\n\n\n\n<p>Learn how Icelandic citizens turned the 2008 economic crisis into a historic opportunity to democratically rewrite their Constitution.<\/p>\n\n\n\n<div class=\"wp-block-buttons is-layout-flex wp-block-buttons-is-layout-flex\">\n<div class=\"wp-block-button is-style-primary\"><a class=\"wp-block-button__link wp-element-button\" href=\"https:\/\/sur-les-traces-de-la-democratie.com\/en\/casting\/\">The film<\/a><\/div>\n<\/div>\n\n\n\n<p><\/p>\n<\/div>\n<\/div>\n\n\n\n<div style=\"height:60px\" aria-hidden=\"true\" class=\"wp-block-spacer\"><\/div>\n\n\n\n<div class=\"wp-block-columns are-vertically-aligned-top is-layout-flex wp-container-core-columns-is-layout-9d6595d7 wp-block-columns-is-layout-flex\">\n<div class=\"wp-block-column is-vertically-aligned-top is-layout-flow wp-block-column-is-layout-flow\"><div class=\"wp-block-image\">\n<figure class=\"aligncenter size-full is-resized\"><img decoding=\"async\" width=\"767\" height=\"682\" src=\"https:\/\/sur-les-traces-de-la-democratie.com\/wp-content\/uploads\/2022\/02\/projecteur-1.png\" alt=\"\" class=\"wp-image-579\" style=\"width:250px;height:221px\" srcset=\"https:\/\/sur-les-traces-de-la-democratie.com\/wp-content\/uploads\/2022\/02\/projecteur-1.png 767w, https:\/\/sur-les-traces-de-la-democratie.com\/wp-content\/uploads\/2022\/02\/projecteur-1-300x267.png 300w\" sizes=\"(max-width: 767px) 100vw, 767px\" \/><\/figure>\n<\/div>\n\n\n<p><\/p>\n\n\n\n<h3 class=\"wp-block-heading has-text-align-center\" id=\"organiser-une-projection\">Organise a screening<\/h3>\n\n\n\n<p class=\"has-text-align-center\">Want to screen the film in your city? No worries, we help you!<br><\/p>\n\n\n\n<div class=\"wp-block-buttons is-content-justification-center is-layout-flex wp-container-core-buttons-is-layout-16018d1d wp-block-buttons-is-layout-flex\">\n<div class=\"wp-block-button\"><a class=\"wp-block-button__link has-neve-link-color-background-color has-background wp-element-button\" href=\"\/en\/Organiser une projection\/\">Organise a screening<\/a><\/div>\n<\/div>\n<\/div>\n\n\n\n<div class=\"wp-block-column is-vertically-aligned-top is-layout-flow wp-block-column-is-layout-flow\">\n<figure class=\"wp-block-image size-large is-resized\"><img decoding=\"async\" width=\"1024\" height=\"715\" src=\"https:\/\/sur-les-traces-de-la-democratie.com\/wp-content\/uploads\/2022\/02\/support-1024x715.png\" alt=\"\" class=\"wp-image-570\" style=\"width:389px;height:271px\" srcset=\"https:\/\/sur-les-traces-de-la-democratie.com\/wp-content\/uploads\/2022\/02\/support-1024x715.png 1024w, https:\/\/sur-les-traces-de-la-democratie.com\/wp-content\/uploads\/2022\/02\/support-300x210.png 300w, https:\/\/sur-les-traces-de-la-democratie.com\/wp-content\/uploads\/2022\/02\/support-768x536.png 768w, https:\/\/sur-les-traces-de-la-democratie.com\/wp-content\/uploads\/2022\/02\/support.png 1200w\" sizes=\"(max-width: 1024px) 100vw, 1024px\" \/><\/figure>\n\n\n\n<h3 class=\"wp-block-heading has-text-align-center\" id=\"soutenir-le-film\">Support the movie<\/h3>\n\n\n\n<p class=\"has-text-align-center\">We want to continue to promote democratic initiatives, help us!<br><\/p>\n\n\n\n<div class=\"wp-block-buttons is-content-justification-center is-layout-flex wp-container-core-buttons-is-layout-16018d1d wp-block-buttons-is-layout-flex\">\n<div class=\"wp-block-button\"><a class=\"wp-block-button__link has-neve-link-color-background-color has-background wp-element-button\" href=\"https:\/\/www.helloasso.com\/associations\/mouvement-etudiant-pour-la-republique-le-debat-et-l-engagement\/formulaires\/1\/widget\" target=\"_blank\" rel=\"noreferrer noopener\">Support the movie<\/a><\/div>\n<\/div>\n<\/div>\n\n\n\n<div class=\"wp-block-column is-vertically-aligned-top is-layout-flow wp-block-column-is-layout-flow\"><div class=\"wp-block-image\">\n<figure class=\"aligncenter size-full is-resized\"><img loading=\"lazy\" decoding=\"async\" width=\"433\" height=\"416\" src=\"https:\/\/sur-les-traces-de-la-democratie.com\/wp-content\/uploads\/2022\/02\/logo-merde.png\" alt=\"\" class=\"wp-image-536\" style=\"width:229px;height:219px\" srcset=\"https:\/\/sur-les-traces-de-la-democratie.com\/wp-content\/uploads\/2022\/02\/logo-merde.png 433w, https:\/\/sur-les-traces-de-la-democratie.com\/wp-content\/uploads\/2022\/02\/logo-merde-300x288.png 300w\" sizes=\"(max-width: 433px) 100vw, 433px\" \/><\/figure>\n<\/div>\n\n\n<p><\/p>\n\n\n\n<h3 class=\"wp-block-heading has-text-align-center\" id=\"un-projet-citoyen-1\">A citizen-led project<\/h3>\n\n\n\n<p class=\"has-text-align-center\">Ce documentaire est le fruit de l&rsquo;engagement d&rsquo;un groupe d&rsquo;\u00e9tudiants mobilis\u00e9 pour promouvoir le d\u00e9bat et l&rsquo;engagement.<\/p>\n\n\n\n<div class=\"wp-block-buttons is-content-justification-center is-layout-flex wp-container-core-buttons-is-layout-16018d1d wp-block-buttons-is-layout-flex\">\n<div class=\"wp-block-button\"><a class=\"wp-block-button__link has-neve-link-color-background-color has-background wp-element-button\" href=\"https:\/\/sur-les-traces-de-la-democratie.com\/en\/un-projet-citoyen\/\">Discover the project<\/a><\/div>\n<\/div>\n<\/div>\n<\/div>\n\n\n\n<div style=\"height:91px\" aria-hidden=\"true\" class=\"wp-block-spacer\"><\/div>\n\n\n\n<h3 class=\"wp-block-heading has-text-align-center\" id=\"nos-partenaires\">Our partners<\/h3>\n\n\n\n<div class=\"wp-block-group\"><div class=\"wp-block-group__inner-container is-layout-flow wp-block-group-is-layout-flow\">\n<div class=\"wp-block-columns is-layout-flex wp-container-core-columns-is-layout-9d6595d7 wp-block-columns-is-layout-flex\">\n<div class=\"wp-block-column is-layout-flow wp-block-column-is-layout-flow\"><div class=\"wp-block-image\">\n<figure class=\"aligncenter size-full is-resized\"><img loading=\"lazy\" decoding=\"async\" width=\"369\" height=\"369\" src=\"https:\/\/sur-les-traces-de-la-democratie.com\/wp-content\/uploads\/2022\/05\/fdsie.png\" alt=\"\" class=\"wp-image-643\" style=\"width:160px;height:160px\" srcset=\"https:\/\/sur-les-traces-de-la-democratie.com\/wp-content\/uploads\/2022\/05\/fdsie.png 369w, https:\/\/sur-les-traces-de-la-democratie.com\/wp-content\/uploads\/2022\/05\/fdsie-300x300.png 300w, https:\/\/sur-les-traces-de-la-democratie.com\/wp-content\/uploads\/2022\/05\/fdsie-150x150.png 150w, https:\/\/sur-les-traces-de-la-democratie.com\/wp-content\/uploads\/2022\/05\/fdsie-12x12.png 12w\" sizes=\"(max-width: 369px) 100vw, 369px\" \/><\/figure>\n<\/div><\/div>\n\n\n\n<div class=\"wp-block-column is-layout-flow wp-block-column-is-layout-flow\">\n<div style=\"height:12px\" aria-hidden=\"true\" class=\"wp-block-spacer\"><\/div>\n\n\n<div class=\"wp-block-image\">\n<figure class=\"aligncenter size-large\"><img decoding=\"async\" src=\"https:\/\/study-eu.s3.amazonaws.com\/uploads\/university\/university-of-bordeaux-492-logo.png\" alt=\"\"\/><\/figure>\n<\/div><\/div>\n\n\n\n<div class=\"wp-block-column is-layout-flow wp-block-column-is-layout-flow\"><div class=\"wp-block-image\">\n<figure class=\"aligncenter size-large is-resized\"><img decoding=\"async\" src=\"https:\/\/www.ifp-school.com\/sites\/ifp-school.com\/files\/telechargements\/images\/partenaires\/Universite_Paris_Nanterre.jpg\" alt=\"\" style=\"width:186px;height:186px\"\/><\/figure>\n<\/div><\/div>\n\n\n\n<div class=\"wp-block-column is-layout-flow wp-block-column-is-layout-flow\">\n<div style=\"height:12px\" aria-hidden=\"true\" class=\"wp-block-spacer\"><\/div>\n\n\n<div class=\"wp-block-image\">\n<figure class=\"aligncenter size-large\"><img decoding=\"async\" src=\"https:\/\/getlogo.net\/wp-content\/uploads\/2020\/02\/region-nouvelle-aquitaine-logo-vector.png\" alt=\"\"\/><\/figure>\n<\/div><\/div>\n<\/div>\n<\/div><\/div>\n\n\n\n<div class=\"wp-block-group\"><div class=\"wp-block-group__inner-container is-layout-flow wp-block-group-is-layout-flow\"><\/div><\/div>\n\n\n\n<div class=\"wp-block-columns is-layout-flex wp-container-core-columns-is-layout-9d6595d7 wp-block-columns-is-layout-flex\">\n<div class=\"wp-block-column is-layout-flow wp-block-column-is-layout-flow\"><div class=\"wp-block-image\">\n<figure class=\"aligncenter size-full is-resized\"><img loading=\"lazy\" decoding=\"async\" width=\"203\" height=\"248\" src=\"https:\/\/sur-les-traces-de-la-democratie.com\/wp-content\/uploads\/2022\/02\/pepite.jpg\" alt=\"\" class=\"wp-image-621\" style=\"width:139px;height:170px\"\/><\/figure>\n<\/div><\/div>\n\n\n\n<div class=\"wp-block-column is-layout-flow wp-block-column-is-layout-flow\"><div class=\"wp-block-image\">\n<figure class=\"aligncenter size-full is-resized\"><img loading=\"lazy\" decoding=\"async\" width=\"428\" height=\"118\" src=\"https:\/\/sur-les-traces-de-la-democratie.com\/wp-content\/uploads\/2022\/02\/CAPE.jpg\" alt=\"\" class=\"wp-image-623\" style=\"width:289px;height:79px\" srcset=\"https:\/\/sur-les-traces-de-la-democratie.com\/wp-content\/uploads\/2022\/02\/CAPE.jpg 428w, https:\/\/sur-les-traces-de-la-democratie.com\/wp-content\/uploads\/2022\/02\/CAPE-300x83.jpg 300w\" sizes=\"(max-width: 428px) 100vw, 428px\" \/><\/figure>\n<\/div><\/div>\n\n\n\n<div class=\"wp-block-column is-layout-flow wp-block-column-is-layout-flow\"><div class=\"wp-block-image\">\n<figure class=\"aligncenter size-large\"><img loading=\"lazy\" decoding=\"async\" width=\"1024\" height=\"391\" src=\"https:\/\/sur-les-traces-de-la-democratie.com\/wp-content\/uploads\/2022\/05\/paris-1024x391.png\" alt=\"\" class=\"wp-image-649\" srcset=\"https:\/\/sur-les-traces-de-la-democratie.com\/wp-content\/uploads\/2022\/05\/paris-1024x391.png 1024w, https:\/\/sur-les-traces-de-la-democratie.com\/wp-content\/uploads\/2022\/05\/paris-300x115.png 300w, https:\/\/sur-les-traces-de-la-democratie.com\/wp-content\/uploads\/2022\/05\/paris-768x293.png 768w, https:\/\/sur-les-traces-de-la-democratie.com\/wp-content\/uploads\/2022\/05\/paris-18x7.png 18w, https:\/\/sur-les-traces-de-la-democratie.com\/wp-content\/uploads\/2022\/05\/paris.png 1116w\" sizes=\"(max-width: 1024px) 100vw, 1024px\" \/><\/figure>\n<\/div><\/div>\n\n\n\n<div class=\"wp-block-column is-layout-flow wp-block-column-is-layout-flow\"><div class=\"wp-block-image\">\n<figure class=\"aligncenter size-large is-resized\"><img decoding=\"async\" src=\"https:\/\/www.crous-bordeaux.fr\/wp-content\/uploads\/sites\/14\/2015\/10\/Crous-logo-bordeaux-aquitaine.png\" alt=\"\" style=\"width:142px;height:142px\"\/><\/figure>\n<\/div><\/div>\n<\/div>\n\n\n\n<div class=\"wp-block-columns is-layout-flex wp-container-core-columns-is-layout-9d6595d7 wp-block-columns-is-layout-flex\">\n<div class=\"wp-block-column is-layout-flow wp-block-column-is-layout-flow\">\n<figure class=\"wp-block-image size-full is-resized\"><img loading=\"lazy\" decoding=\"async\" width=\"210\" height=\"210\" src=\"https:\/\/sur-les-traces-de-la-democratie.com\/wp-content\/uploads\/2022\/05\/crous-1.png\" alt=\"\" class=\"wp-image-653\" style=\"width:138px;height:138px\" srcset=\"https:\/\/sur-les-traces-de-la-democratie.com\/wp-content\/uploads\/2022\/05\/crous-1.png 210w, https:\/\/sur-les-traces-de-la-democratie.com\/wp-content\/uploads\/2022\/05\/crous-1-150x150.png 150w, https:\/\/sur-les-traces-de-la-democratie.com\/wp-content\/uploads\/2022\/05\/crous-1-12x12.png 12w\" sizes=\"(max-width: 210px) 100vw, 210px\" \/><\/figure>\n<\/div>\n\n\n\n<div class=\"wp-block-column is-layout-flow wp-block-column-is-layout-flow\">\n<figure class=\"wp-block-image size-full is-resized\"><img loading=\"lazy\" decoding=\"async\" width=\"362\" height=\"139\" src=\"https:\/\/sur-les-traces-de-la-democratie.com\/wp-content\/uploads\/2022\/05\/pessac-1.png\" alt=\"\" class=\"wp-image-654\" style=\"width:286px;height:110px\" srcset=\"https:\/\/sur-les-traces-de-la-democratie.com\/wp-content\/uploads\/2022\/05\/pessac-1.png 362w, https:\/\/sur-les-traces-de-la-democratie.com\/wp-content\/uploads\/2022\/05\/pessac-1-300x115.png 300w, https:\/\/sur-les-traces-de-la-democratie.com\/wp-content\/uploads\/2022\/05\/pessac-1-18x7.png 18w\" sizes=\"(max-width: 362px) 100vw, 362px\" \/><\/figure>\n<\/div>\n\n\n\n<div class=\"wp-block-column is-layout-flow wp-block-column-is-layout-flow\">\n<figure class=\"wp-block-image size-full is-resized\"><img loading=\"lazy\" decoding=\"async\" width=\"670\" height=\"391\" src=\"https:\/\/sur-les-traces-de-la-democratie.com\/wp-content\/uploads\/2022\/05\/bordeaux-4.png\" alt=\"\" class=\"wp-image-657\" style=\"width:263px;height:153px\" srcset=\"https:\/\/sur-les-traces-de-la-democratie.com\/wp-content\/uploads\/2022\/05\/bordeaux-4.png 670w, https:\/\/sur-les-traces-de-la-democratie.com\/wp-content\/uploads\/2022\/05\/bordeaux-4-300x175.png 300w, https:\/\/sur-les-traces-de-la-democratie.com\/wp-content\/uploads\/2022\/05\/bordeaux-4-18x12.png 18w\" sizes=\"(max-width: 670px) 100vw, 670px\" \/><\/figure>\n<\/div>\n<\/div>\n\n\n\n<div class=\"wp-block-columns is-layout-flex wp-container-core-columns-is-layout-9d6595d7 wp-block-columns-is-layout-flex\">\n<div class=\"wp-block-column is-layout-flow wp-block-column-is-layout-flow\" style=\"flex-basis:100%\">\n<div style=\"height:40px\" aria-hidden=\"true\" class=\"wp-block-spacer\"><\/div>\n<\/div>\n<\/div>","protected":false},"excerpt":{"rendered":"<p>Le documentaire gagant du 2024 Free Speech Award Le festival de films sur la libert\u00e9 d&rsquo;expression a attribu\u00e9 un prix pour notre documentaire. Quelle r\u00e9volution d\u00e9mocratique en Islande ? D\u00e9couvrez comment les citoyens islandais ont fait de la crise \u00e9conomique de 2008 une occasion historique : celle de d\u00e9mocratiquement r\u00e9\u00e9crire leur Constitution. Organiser une projection&hellip;&nbsp;<a href=\"https:\/\/sur-les-traces-de-la-democratie.com\/en\/\" class=\"\" rel=\"bookmark\">Read More &raquo;<span class=\"screen-reader-text\">On the Footsteps of Democracy<\/span><\/a><\/p>","protected":false},"author":1,"featured_media":0,"parent":0,"menu_order":0,"comment_status":"closed","ping_status":"closed","template":"","meta":{"neve_meta_sidebar":"full-width","neve_meta_container":"contained","neve_meta_enable_content_width":"on","neve_meta_content_width":100,"neve_meta_title_alignment":"","neve_meta_author_avatar":"","neve_post_elements_order":"","neve_meta_disable_header":"","neve_meta_disable_footer":"","neve_meta_disable_title":"on","footnotes":""},"class_list":["post-46","page","type-page","status-publish","hentry"],"_links":{"self":[{"href":"https:\/\/sur-les-traces-de-la-democratie.com\/en\/wp-json\/wp\/v2\/pages\/46","targetHints":{"allow":["GET"]}}],"collection":[{"href":"https:\/\/sur-les-traces-de-la-democratie.com\/en\/wp-json\/wp\/v2\/pages"}],"about":[{"href":"https:\/\/sur-les-traces-de-la-democratie.com\/en\/wp-json\/wp\/v2\/types\/page"}],"author":[{"embeddable":true,"href":"https:\/\/sur-les-traces-de-la-democratie.com\/en\/wp-json\/wp\/v2\/users\/1"}],"replies":[{"embeddable":true,"href":"https:\/\/sur-les-traces-de-la-democratie.com\/en\/wp-json\/wp\/v2\/comments?post=46"}],"version-history":[{"count":0,"href":"https:\/\/sur-les-traces-de-la-democratie.com\/en\/wp-json\/wp\/v2\/pages\/46\/revisions"}],"wp:attachment":[{"href":"https:\/\/sur-les-traces-de-la-democratie.com\/en\/wp-json\/wp\/v2\/media?parent=46"}],"curies":[{"name":"wp","href":"https:\/\/api.w.org\/{rel}","templated":true}]}}