{"id":490,"date":"2022-02-10T02:32:17","date_gmt":"2022-02-10T02:32:17","guid":{"rendered":"https:\/\/sur-les-traces-de-la-democratie.com\/?page_id=490"},"modified":"2023-10-08T13:14:08","modified_gmt":"2023-10-08T13:14:08","slug":"casting","status":"publish","type":"page","link":"https:\/\/sur-les-traces-de-la-democratie.com\/en\/casting\/","title":{"rendered":"The film"},"content":{"rendered":"<div style=\"height:62px\" aria-hidden=\"true\" class=\"wp-block-spacer\"><\/div>\n\n\n\n<figure class=\"wp-block-image alignfull size-large\"><img fetchpriority=\"high\" decoding=\"async\" width=\"1024\" height=\"280\" src=\"https:\/\/sur-les-traces-de-la-democratie.com\/wp-content\/uploads\/2022\/02\/paysage-islande-1024x280.jpg\" alt=\"\" class=\"wp-image-611\" srcset=\"https:\/\/sur-les-traces-de-la-democratie.com\/wp-content\/uploads\/2022\/02\/paysage-islande-1024x280.jpg 1024w, https:\/\/sur-les-traces-de-la-democratie.com\/wp-content\/uploads\/2022\/02\/paysage-islande-300x82.jpg 300w, https:\/\/sur-les-traces-de-la-democratie.com\/wp-content\/uploads\/2022\/02\/paysage-islande-768x210.jpg 768w, https:\/\/sur-les-traces-de-la-democratie.com\/wp-content\/uploads\/2022\/02\/paysage-islande-1536x421.jpg 1536w, https:\/\/sur-les-traces-de-la-democratie.com\/wp-content\/uploads\/2022\/02\/paysage-islande.jpg 1632w\" sizes=\"(max-width: 1024px) 100vw, 1024px\" \/><\/figure>\n\n\n\n<div class=\"wp-block-media-text alignwide is-stacked-on-mobile is-vertically-aligned-center is-style-default\" style=\"grid-template-columns:28% auto\"><figure class=\"wp-block-media-text__media\"><img decoding=\"async\" width=\"1024\" height=\"668\" src=\"https:\/\/sur-les-traces-de-la-democratie.com\/wp-content\/uploads\/2022\/02\/parlement-1024x668.jpg\" alt=\"\" class=\"wp-image-603 size-full\" srcset=\"https:\/\/sur-les-traces-de-la-democratie.com\/wp-content\/uploads\/2022\/02\/parlement-1024x668.jpg 1024w, https:\/\/sur-les-traces-de-la-democratie.com\/wp-content\/uploads\/2022\/02\/parlement-300x196.jpg 300w, https:\/\/sur-les-traces-de-la-democratie.com\/wp-content\/uploads\/2022\/02\/parlement-768x501.jpg 768w, https:\/\/sur-les-traces-de-la-democratie.com\/wp-content\/uploads\/2022\/02\/parlement.jpg 1334w\" sizes=\"(max-width: 1024px) 100vw, 1024px\" \/><\/figure><div class=\"wp-block-media-text__content\">\n<h2 class=\"wp-block-heading has-text-color\" id=\"pourquoi-ce-documentaire\" style=\"color:#000000\"><strong>Why this documentary ?<\/strong><\/h2>\n\n\n\n<p class=\"has-neve-text-color-color has-text-color\" style=\"font-size:17px;line-height:1.1\">En 2008, la crise \u00e9conomie frappe de plein fouet l&rsquo;Islande. Les principales banques font faillites et l&rsquo;\u00c9tat doit intervenir. Des manifestations de masse s&rsquo;organisent dans la capitale pour renverser le gouvernement, au pouvoir depuis plus de 20 ans.<br><br>En 2009, un nouveau gouvernement issue d&rsquo;une alliance social-d\u00e9mocrate s&rsquo;installe et encourage l&rsquo;Anthill dans le projet de r\u00e9\u00e9criture de la constitution. Plusieurs assembl\u00e9es citoyennes sont organis\u00e9es pour proposer en 2011 une nouvelle constitution qui sera adopt\u00e9e par r\u00e9f\u00e9rendum. Toutefois, encore aujourd&rsquo;hui, la nouvelle constitution (beaucoup plus sociale et \u00e9cologique que la pr\u00e9c\u00e9dente) n&rsquo;a pas \u00e9t\u00e9 adopt\u00e9 par le parlement.<br><br>In this documentary, we address several issues on democracy: what form of democracy directly supported by citizens can there be? How to transform institutions? By what process and what pitfalls do we find?<br><br>In this way, we hope to spread a democratic experience to inspire change.<\/p>\n<\/div><\/div>\n\n\n\n<div style=\"height:60px\" aria-hidden=\"true\" class=\"wp-block-spacer\"><\/div>\n\n\n\n<h2 class=\"wp-block-heading has-text-align-center\" id=\"les-personnes-rencontrees\">The people we met<\/h2>\n\n\n\n<div style=\"height:60px\" aria-hidden=\"true\" class=\"wp-block-spacer\"><\/div>\n\n\n\n<div class=\"wp-block-media-text alignwide has-media-on-the-right is-stacked-on-mobile\" style=\"grid-template-columns:auto 29%\"><div class=\"wp-block-media-text__content\">\n<p class=\"has-text-align-right has-large-font-size\">Katrin Jakobstottir<\/p>\n\n\n\n<p class=\"has-text-align-right\">Leader du parti vert d&rsquo;Islande, premi\u00e8re ministre depuis 2017<\/p>\n<\/div><figure class=\"wp-block-media-text__media\"><img decoding=\"async\" width=\"882\" height=\"556\" src=\"https:\/\/sur-les-traces-de-la-democratie.com\/wp-content\/uploads\/2022\/02\/katrin-J.jpg\" alt=\"\" class=\"wp-image-524 size-full\" srcset=\"https:\/\/sur-les-traces-de-la-democratie.com\/wp-content\/uploads\/2022\/02\/katrin-J.jpg 882w, https:\/\/sur-les-traces-de-la-democratie.com\/wp-content\/uploads\/2022\/02\/katrin-J-300x189.jpg 300w, https:\/\/sur-les-traces-de-la-democratie.com\/wp-content\/uploads\/2022\/02\/katrin-J-768x484.jpg 768w\" sizes=\"(max-width: 882px) 100vw, 882px\" \/><\/figure><\/div>\n\n\n\n<div style=\"height:56px\" aria-hidden=\"true\" class=\"wp-block-spacer\"><\/div>\n\n\n\n<div class=\"wp-block-media-text alignwide is-stacked-on-mobile has-background\" style=\"background-color:#f3f2ee;grid-template-columns:25% auto\"><figure class=\"wp-block-media-text__media\"><img loading=\"lazy\" decoding=\"async\" width=\"1024\" height=\"670\" src=\"https:\/\/sur-les-traces-de-la-democratie.com\/wp-content\/uploads\/2022\/02\/vlcsnap-2022-02-09-16h25m36s208-3-1024x670.png\" alt=\"\" class=\"wp-image-559 size-full\" srcset=\"https:\/\/sur-les-traces-de-la-democratie.com\/wp-content\/uploads\/2022\/02\/vlcsnap-2022-02-09-16h25m36s208-3-1024x670.png 1024w, https:\/\/sur-les-traces-de-la-democratie.com\/wp-content\/uploads\/2022\/02\/vlcsnap-2022-02-09-16h25m36s208-3-300x196.png 300w, https:\/\/sur-les-traces-de-la-democratie.com\/wp-content\/uploads\/2022\/02\/vlcsnap-2022-02-09-16h25m36s208-3-768x503.png 768w, https:\/\/sur-les-traces-de-la-democratie.com\/wp-content\/uploads\/2022\/02\/vlcsnap-2022-02-09-16h25m36s208-3.png 1476w\" sizes=\"(max-width: 1024px) 100vw, 1024px\" \/><\/figure><div class=\"wp-block-media-text__content\">\n<p class=\"has-large-font-size\">Hordur Torfasson<\/p>\n\n\n\n<p class=\"has-nv-dark-bg-color has-text-color\">Popular singer and gay rights activist in the 1980s.<\/p>\n\n\n\n<p>Leader of the demonstrations following the economic crisis of 2008<\/p>\n<\/div><\/div>\n\n\n\n<div style=\"height:56px\" aria-hidden=\"true\" class=\"wp-block-spacer\"><\/div>\n\n\n\n<div class=\"wp-block-media-text alignwide has-media-on-the-right is-stacked-on-mobile\" style=\"grid-template-columns:auto 29%\"><div class=\"wp-block-media-text__content\">\n<p class=\"has-text-align-right has-large-font-size\">Larus Ymir Oskarsson<\/p>\n\n\n\n<p class=\"has-text-align-right\">Sc\u00e9nariste et fl\u00e2neur, il est l&rsquo;un des organisateurs de l&rsquo;Anthill, le forum citoyen<\/p>\n<\/div><figure class=\"wp-block-media-text__media\"><img loading=\"lazy\" decoding=\"async\" width=\"1024\" height=\"576\" src=\"https:\/\/sur-les-traces-de-la-democratie.com\/wp-content\/uploads\/2022\/02\/vlcsnap-2022-02-09-16h26m44s611-1024x576.png\" alt=\"\" class=\"wp-image-491 size-full\" srcset=\"https:\/\/sur-les-traces-de-la-democratie.com\/wp-content\/uploads\/2022\/02\/vlcsnap-2022-02-09-16h26m44s611-1024x576.png 1024w, https:\/\/sur-les-traces-de-la-democratie.com\/wp-content\/uploads\/2022\/02\/vlcsnap-2022-02-09-16h26m44s611-300x169.png 300w, https:\/\/sur-les-traces-de-la-democratie.com\/wp-content\/uploads\/2022\/02\/vlcsnap-2022-02-09-16h26m44s611-768x432.png 768w, https:\/\/sur-les-traces-de-la-democratie.com\/wp-content\/uploads\/2022\/02\/vlcsnap-2022-02-09-16h26m44s611-1536x864.png 1536w, https:\/\/sur-les-traces-de-la-democratie.com\/wp-content\/uploads\/2022\/02\/vlcsnap-2022-02-09-16h26m44s611.png 1920w\" sizes=\"(max-width: 1024px) 100vw, 1024px\" \/><\/figure><\/div>\n\n\n\n<div style=\"height:56px\" aria-hidden=\"true\" class=\"wp-block-spacer\"><\/div>\n\n\n\n<div class=\"wp-block-media-text alignwide is-stacked-on-mobile has-background\" style=\"background-color:#f3f2ee;grid-template-columns:25% auto\"><figure class=\"wp-block-media-text__media\"><img loading=\"lazy\" decoding=\"async\" width=\"995\" height=\"613\" src=\"https:\/\/sur-les-traces-de-la-democratie.com\/wp-content\/uploads\/2022\/02\/Katrin-2.jpg\" alt=\"\" class=\"wp-image-522 size-full\" srcset=\"https:\/\/sur-les-traces-de-la-democratie.com\/wp-content\/uploads\/2022\/02\/Katrin-2.jpg 995w, https:\/\/sur-les-traces-de-la-democratie.com\/wp-content\/uploads\/2022\/02\/Katrin-2-300x185.jpg 300w, https:\/\/sur-les-traces-de-la-democratie.com\/wp-content\/uploads\/2022\/02\/Katrin-2-768x473.jpg 768w\" sizes=\"(max-width: 995px) 100vw, 995px\" \/><\/figure><div class=\"wp-block-media-text__content\">\n<p class=\"has-large-font-size\">Katrin Oddsdottir<\/p>\n\n\n\n<p>Militante des droits humains et tr\u00e8s active dans les manifestations dans la crise \u00e9conomique de 2008. Membre du conseil constitutionnel qui a r\u00e9\u00e9crit la constitution<\/p>\n<\/div><\/div>\n\n\n\n<div style=\"height:56px\" aria-hidden=\"true\" class=\"wp-block-spacer\"><\/div>\n\n\n\n<div class=\"wp-block-media-text alignwide has-media-on-the-right is-stacked-on-mobile\" style=\"grid-template-columns:auto 26%\"><div class=\"wp-block-media-text__content\">\n<p class=\"has-text-align-right has-large-font-size\">Ari Teitsson<\/p>\n\n\n\n<p class=\"has-text-align-right\">Agriculteur et pr\u00e9sident d&rsquo;une banque mutuelle, la seule qui ait surv\u00e9cu \u00e0 la crise \u00e9conomie de 2008. Membre du conseil constitutionnel qui a r\u00e9\u00e9crit la constitution<\/p>\n<\/div><figure class=\"wp-block-media-text__media\"><img loading=\"lazy\" decoding=\"async\" width=\"826\" height=\"550\" src=\"https:\/\/sur-les-traces-de-la-democratie.com\/wp-content\/uploads\/2022\/02\/ari-2.jpg\" alt=\"\" class=\"wp-image-517 size-full\" srcset=\"https:\/\/sur-les-traces-de-la-democratie.com\/wp-content\/uploads\/2022\/02\/ari-2.jpg 826w, https:\/\/sur-les-traces-de-la-democratie.com\/wp-content\/uploads\/2022\/02\/ari-2-300x200.jpg 300w, https:\/\/sur-les-traces-de-la-democratie.com\/wp-content\/uploads\/2022\/02\/ari-2-768x511.jpg 768w\" sizes=\"(max-width: 826px) 100vw, 826px\" \/><\/figure><\/div>\n\n\n\n<div style=\"height:56px\" aria-hidden=\"true\" class=\"wp-block-spacer\"><\/div>\n\n\n\n<div class=\"wp-block-media-text alignwide is-stacked-on-mobile has-background\" style=\"background-color:#f3f2ee;grid-template-columns:25% auto\"><figure class=\"wp-block-media-text__media\"><img loading=\"lazy\" decoding=\"async\" width=\"807\" height=\"543\" src=\"https:\/\/sur-les-traces-de-la-democratie.com\/wp-content\/uploads\/2022\/02\/Thorhildur-Thorleifsdottir-2.jpg\" alt=\"\" class=\"wp-image-555 size-full\" srcset=\"https:\/\/sur-les-traces-de-la-democratie.com\/wp-content\/uploads\/2022\/02\/Thorhildur-Thorleifsdottir-2.jpg 807w, https:\/\/sur-les-traces-de-la-democratie.com\/wp-content\/uploads\/2022\/02\/Thorhildur-Thorleifsdottir-2-300x202.jpg 300w, https:\/\/sur-les-traces-de-la-democratie.com\/wp-content\/uploads\/2022\/02\/Thorhildur-Thorleifsdottir-2-768x517.jpg 768w\" sizes=\"(max-width: 807px) 100vw, 807px\" \/><\/figure><div class=\"wp-block-media-text__content\">\n<p class=\"has-large-font-size\">Thorhildur Thorleifsdottir<\/p>\n\n\n\n<p>Metteure en sc\u00e8ne et leader du parti politique la \u00ab\u00a0liste des femmes\u00a0\u00bb.<\/p>\n\n\n\n<p>Member of the Constitutional Council who rewrote the constitution<\/p>\n<\/div><\/div>\n\n\n\n<div style=\"height:56px\" aria-hidden=\"true\" class=\"wp-block-spacer\"><\/div>\n\n\n\n<div class=\"wp-block-media-text alignwide has-media-on-the-right is-stacked-on-mobile\" style=\"grid-template-columns:auto 25%\"><div class=\"wp-block-media-text__content\">\n<p class=\"has-text-align-right has-large-font-size\">Jon Olafsson<\/p>\n\n\n\n<p class=\"has-text-align-right\">Professeur de philosophie politique \u00e0 l&rsquo;universit\u00e9 de l&rsquo;Islande et auteur <a href=\"https:\/\/www.researchgate.net\/profile\/Jon-Olafsson-4\" target=\"_blank\" rel=\"noreferrer noopener\">of many articles<\/a> on the Icelandic constitution<\/p>\n<\/div><figure class=\"wp-block-media-text__media\"><img loading=\"lazy\" decoding=\"async\" width=\"835\" height=\"547\" src=\"https:\/\/sur-les-traces-de-la-democratie.com\/wp-content\/uploads\/2022\/02\/jon-o-2.jpg\" alt=\"\" class=\"wp-image-525 size-full\" srcset=\"https:\/\/sur-les-traces-de-la-democratie.com\/wp-content\/uploads\/2022\/02\/jon-o-2.jpg 835w, https:\/\/sur-les-traces-de-la-democratie.com\/wp-content\/uploads\/2022\/02\/jon-o-2-300x197.jpg 300w, https:\/\/sur-les-traces-de-la-democratie.com\/wp-content\/uploads\/2022\/02\/jon-o-2-768x503.jpg 768w\" sizes=\"(max-width: 835px) 100vw, 835px\" \/><\/figure><\/div>\n\n\n\n<div style=\"height:56px\" aria-hidden=\"true\" class=\"wp-block-spacer\"><\/div>\n\n\n\n<div class=\"wp-block-media-text alignwide is-stacked-on-mobile has-background\" style=\"background-color:#f3f2ee;grid-template-columns:25% auto\"><figure class=\"wp-block-media-text__media\"><img loading=\"lazy\" decoding=\"async\" width=\"661\" height=\"431\" src=\"https:\/\/sur-les-traces-de-la-democratie.com\/wp-content\/uploads\/2022\/02\/benburg.jpg\" alt=\"\" class=\"wp-image-510 size-full\" srcset=\"https:\/\/sur-les-traces-de-la-democratie.com\/wp-content\/uploads\/2022\/02\/benburg.jpg 661w, https:\/\/sur-les-traces-de-la-democratie.com\/wp-content\/uploads\/2022\/02\/benburg-300x196.jpg 300w\" sizes=\"(max-width: 661px) 100vw, 661px\" \/><\/figure><div class=\"wp-block-media-text__content\">\n<p class=\"has-large-font-size\">Jon Gunnar Bernburg<\/p>\n\n\n\n<p>Professeur de sociologie \u00e0 l&rsquo;Universit\u00e9 de d&rsquo;Islande et auteur du livre<a rel=\"noreferrer noopener\" href=\"https:\/\/www.researchgate.net\/publication\/299485242_Economic_Crisis_and_Mass_Protest_The_Pots_and_Pans_Revolution_in_Iceland\" target=\"_blank\"> Economic Crisis and Mass Protest<\/a><\/p>\n<\/div><\/div>\n\n\n\n<div style=\"height:87px\" aria-hidden=\"true\" class=\"wp-block-spacer\"><\/div>","protected":false},"excerpt":{"rendered":"<p>Pourquoi ce documentaire ? En 2008, la crise \u00e9conomie frappe de plein fouet l&rsquo;Islande. Les principales banques font faillites et l&rsquo;\u00c9tat doit intervenir. Des manifestations de masse s&rsquo;organisent dans la capitale pour renverser le gouvernement, au pouvoir depuis plus de 20 ans. En 2009, un nouveau gouvernement issue d&rsquo;une alliance social-d\u00e9mocrate s&rsquo;installe et encourage l&rsquo;Anthill&hellip;&nbsp;<a href=\"https:\/\/sur-les-traces-de-la-democratie.com\/en\/casting\/\" class=\"\" rel=\"bookmark\">Read More &raquo;<span class=\"screen-reader-text\">The film<\/span><\/a><\/p>","protected":false},"author":1,"featured_media":0,"parent":0,"menu_order":0,"comment_status":"closed","ping_status":"closed","template":"","meta":{"neve_meta_sidebar":"","neve_meta_container":"","neve_meta_enable_content_width":"","neve_meta_content_width":0,"neve_meta_title_alignment":"","neve_meta_author_avatar":"","neve_post_elements_order":"","neve_meta_disable_header":"","neve_meta_disable_footer":"","neve_meta_disable_title":"","footnotes":""},"class_list":["post-490","page","type-page","status-publish","hentry"],"_links":{"self":[{"href":"https:\/\/sur-les-traces-de-la-democratie.com\/en\/wp-json\/wp\/v2\/pages\/490","targetHints":{"allow":["GET"]}}],"collection":[{"href":"https:\/\/sur-les-traces-de-la-democratie.com\/en\/wp-json\/wp\/v2\/pages"}],"about":[{"href":"https:\/\/sur-les-traces-de-la-democratie.com\/en\/wp-json\/wp\/v2\/types\/page"}],"author":[{"embeddable":true,"href":"https:\/\/sur-les-traces-de-la-democratie.com\/en\/wp-json\/wp\/v2\/users\/1"}],"replies":[{"embeddable":true,"href":"https:\/\/sur-les-traces-de-la-democratie.com\/en\/wp-json\/wp\/v2\/comments?post=490"}],"version-history":[{"count":0,"href":"https:\/\/sur-les-traces-de-la-democratie.com\/en\/wp-json\/wp\/v2\/pages\/490\/revisions"}],"wp:attachment":[{"href":"https:\/\/sur-les-traces-de-la-democratie.com\/en\/wp-json\/wp\/v2\/media?parent=490"}],"curies":[{"name":"wp","href":"https:\/\/api.w.org\/{rel}","templated":true}]}}