{"id":529,"date":"2022-02-10T03:57:04","date_gmt":"2022-02-10T03:57:04","guid":{"rendered":"https:\/\/sur-les-traces-de-la-democratie.com\/?page_id=529"},"modified":"2022-05-02T14:22:44","modified_gmt":"2022-05-02T14:22:44","slug":"un-projet-citoyen","status":"publish","type":"page","link":"https:\/\/sur-les-traces-de-la-democratie.com\/en\/un-projet-citoyen\/","title":{"rendered":"About the project"},"content":{"rendered":"<div class=\"wp-block-columns is-layout-flex wp-container-core-columns-is-layout-9d6595d7 wp-block-columns-is-layout-flex\">\n<div class=\"wp-block-column is-layout-flow wp-block-column-is-layout-flow\" style=\"flex-basis:100%\"><\/div>\n<\/div>\n\n\n\n<p>Ce documentaire est l&rsquo;initiative de trois \u00e9tudiants qui ont b\u00e9n\u00e9volement men\u00e9 le projet. Celui-ci se situe dans la continuit\u00e9 des d\u00e9bats citoyens organis\u00e9s \u00e0 Bordeaux en 2015-2017 sur la d\u00e9mocratie et l&rsquo;engagement.<\/p>\n\n\n\n<div style=\"height:62px\" aria-hidden=\"true\" class=\"wp-block-spacer\"><\/div>\n\n\n\n<div class=\"wp-block-media-text alignwide is-stacked-on-mobile\" style=\"grid-template-columns:25% auto\"><figure class=\"wp-block-media-text__media\"><img fetchpriority=\"high\" decoding=\"async\" width=\"813\" height=\"755\" src=\"https:\/\/sur-les-traces-de-la-democratie.com\/wp-content\/uploads\/2022\/02\/Steve-2.jpeg\" alt=\"\" class=\"wp-image-618 size-full\" srcset=\"https:\/\/sur-les-traces-de-la-democratie.com\/wp-content\/uploads\/2022\/02\/Steve-2.jpeg 813w, https:\/\/sur-les-traces-de-la-democratie.com\/wp-content\/uploads\/2022\/02\/Steve-2-300x279.jpeg 300w, https:\/\/sur-les-traces-de-la-democratie.com\/wp-content\/uploads\/2022\/02\/Steve-2-768x713.jpeg 768w\" sizes=\"(max-width: 813px) 100vw, 813px\" \/><\/figure><div class=\"wp-block-media-text__content\">\n<p class=\"has-large-font-size\">Steve Vilhem<\/p>\n\n\n\n<p>Film director, medical doctor and anthropologist<\/p>\n\n\n\n<figure class=\"wp-block-image is-resized\"><a href=\"https:\/\/www.linkedin.com\/in\/steve-vilhem\/?originalSubdomain=fr\" target=\"_blank\" rel=\"noopener\"><img decoding=\"async\" src=\"https:\/\/sur-les-traces-de-la-democratie.com\/wp-content\/uploads\/2022\/02\/linked-in-2.jpg\" alt=\"\" class=\"wp-image-551\" width=\"36\" height=\"36\" srcset=\"https:\/\/sur-les-traces-de-la-democratie.com\/wp-content\/uploads\/2022\/02\/linked-in-2.jpg 200w, https:\/\/sur-les-traces-de-la-democratie.com\/wp-content\/uploads\/2022\/02\/linked-in-2-150x150.jpg 150w\" sizes=\"(max-width: 36px) 100vw, 36px\" \/><\/a><\/figure>\n<\/div><\/div>\n\n\n\n<div class=\"wp-block-media-text alignwide has-media-on-the-right is-stacked-on-mobile has-nv-light-bg-background-color has-background\" style=\"grid-template-columns:auto 22%\"><figure class=\"wp-block-media-text__media\"><img decoding=\"async\" width=\"885\" height=\"1024\" src=\"https:\/\/sur-les-traces-de-la-democratie.com\/wp-content\/uploads\/2022\/02\/Alix-2-885x1024.jpeg\" alt=\"\" class=\"wp-image-619 size-full\" srcset=\"https:\/\/sur-les-traces-de-la-democratie.com\/wp-content\/uploads\/2022\/02\/Alix-2-885x1024.jpeg 885w, https:\/\/sur-les-traces-de-la-democratie.com\/wp-content\/uploads\/2022\/02\/Alix-2-259x300.jpeg 259w, https:\/\/sur-les-traces-de-la-democratie.com\/wp-content\/uploads\/2022\/02\/Alix-2-768x889.jpeg 768w, https:\/\/sur-les-traces-de-la-democratie.com\/wp-content\/uploads\/2022\/02\/Alix-2-1328x1536.jpeg 1328w, https:\/\/sur-les-traces-de-la-democratie.com\/wp-content\/uploads\/2022\/02\/Alix-2.jpeg 1363w\" sizes=\"(max-width: 885px) 100vw, 885px\" \/><\/figure><div class=\"wp-block-media-text__content\">\n<p class=\"has-text-align-right has-large-font-size\">Alix Stratis<\/p>\n\n\n\n<p class=\"has-text-align-right\">Co-director and pharmacist<\/p>\n\n\n\n<div class=\"wp-block-image\"><figure class=\"alignright size-full is-resized\"><a href=\"https:\/\/www.linkedin.com\/in\/alix-stratis\/?locale=fr_FR\" target=\"_blank\" rel=\"noopener\"><img loading=\"lazy\" decoding=\"async\" src=\"https:\/\/sur-les-traces-de-la-democratie.com\/wp-content\/uploads\/2022\/02\/linked-in-2.jpg\" alt=\"\" class=\"wp-image-551\" width=\"38\" height=\"38\" srcset=\"https:\/\/sur-les-traces-de-la-democratie.com\/wp-content\/uploads\/2022\/02\/linked-in-2.jpg 200w, https:\/\/sur-les-traces-de-la-democratie.com\/wp-content\/uploads\/2022\/02\/linked-in-2-150x150.jpg 150w\" sizes=\"(max-width: 38px) 100vw, 38px\" \/><\/a><\/figure><\/div>\n<\/div><\/div>\n\n\n\n<div class=\"wp-block-media-text alignwide is-stacked-on-mobile\" style=\"grid-template-columns:28% auto\"><figure class=\"wp-block-media-text__media\"><img loading=\"lazy\" decoding=\"async\" width=\"1024\" height=\"768\" src=\"https:\/\/sur-les-traces-de-la-democratie.com\/wp-content\/uploads\/2022\/05\/Ali-islande-1024x768.jpeg\" alt=\"\" class=\"wp-image-641 size-full\" srcset=\"https:\/\/sur-les-traces-de-la-democratie.com\/wp-content\/uploads\/2022\/05\/Ali-islande-1024x768.jpeg 1024w, https:\/\/sur-les-traces-de-la-democratie.com\/wp-content\/uploads\/2022\/05\/Ali-islande-300x225.jpeg 300w, https:\/\/sur-les-traces-de-la-democratie.com\/wp-content\/uploads\/2022\/05\/Ali-islande-768x576.jpeg 768w, https:\/\/sur-les-traces-de-la-democratie.com\/wp-content\/uploads\/2022\/05\/Ali-islande-1536x1152.jpeg 1536w, https:\/\/sur-les-traces-de-la-democratie.com\/wp-content\/uploads\/2022\/05\/Ali-islande-16x12.jpeg 16w, https:\/\/sur-les-traces-de-la-democratie.com\/wp-content\/uploads\/2022\/05\/Ali-islande.jpeg 1600w\" sizes=\"(max-width: 1024px) 100vw, 1024px\" \/><\/figure><div class=\"wp-block-media-text__content\">\n<p class=\"has-large-font-size\">Ali Romdhani<\/p>\n\n\n\n<p>Co-director and sociologist<\/p>\n\n\n\n<div class=\"wp-block-columns is-layout-flex wp-container-core-columns-is-layout-9d6595d7 wp-block-columns-is-layout-flex\">\n<div class=\"wp-block-column is-layout-flow wp-block-column-is-layout-flow\" style=\"flex-basis:16.67%\">\n<figure class=\"wp-block-gallery has-nested-images columns-default is-cropped wp-block-gallery-1 is-layout-flex wp-block-gallery-is-layout-flex\">\n<figure class=\"wp-block-image size-full is-resized\"><a href=\"https:\/\/www.linkedin.com\/in\/ali-romdhani-8892a2102\/?originalSubdomain=ca\" target=\"_blank\" rel=\"noopener\"><img loading=\"lazy\" decoding=\"async\" data-id=\"551\" src=\"https:\/\/sur-les-traces-de-la-democratie.com\/wp-content\/uploads\/2022\/02\/linked-in-2.jpg\" alt=\"\" class=\"wp-image-551\" width=\"41\" height=\"41\" srcset=\"https:\/\/sur-les-traces-de-la-democratie.com\/wp-content\/uploads\/2022\/02\/linked-in-2.jpg 200w, https:\/\/sur-les-traces-de-la-democratie.com\/wp-content\/uploads\/2022\/02\/linked-in-2-150x150.jpg 150w\" sizes=\"(max-width: 41px) 100vw, 41px\" \/><\/a><\/figure>\n\n\n\n<figure class=\"wp-block-image size-full\"><a href=\"https:\/\/www.researchgate.net\/profile\/Ali-Romdhani\" target=\"_blank\" rel=\"noopener\"><img loading=\"lazy\" decoding=\"async\" width=\"400\" height=\"400\" data-id=\"561\" src=\"https:\/\/sur-les-traces-de-la-democratie.com\/wp-content\/uploads\/2022\/02\/research-gate-1.jpg\" alt=\"\" class=\"wp-image-561\" srcset=\"https:\/\/sur-les-traces-de-la-democratie.com\/wp-content\/uploads\/2022\/02\/research-gate-1.jpg 400w, https:\/\/sur-les-traces-de-la-democratie.com\/wp-content\/uploads\/2022\/02\/research-gate-1-300x300.jpg 300w, https:\/\/sur-les-traces-de-la-democratie.com\/wp-content\/uploads\/2022\/02\/research-gate-1-150x150.jpg 150w\" sizes=\"(max-width: 400px) 100vw, 400px\" \/><\/a><\/figure>\n<\/figure>\n<\/div>\n\n\n\n<div class=\"wp-block-column is-layout-flow wp-block-column-is-layout-flow\" style=\"flex-basis:16.67%\"><\/div>\n\n\n\n<div class=\"wp-block-column is-layout-flow wp-block-column-is-layout-flow\" style=\"flex-basis:16.67%\"><\/div>\n\n\n\n<div class=\"wp-block-column is-layout-flow wp-block-column-is-layout-flow\" style=\"flex-basis:16.67%\"><\/div>\n\n\n\n<div class=\"wp-block-column is-layout-flow wp-block-column-is-layout-flow\" style=\"flex-basis:16.67%\"><\/div>\n\n\n\n<div class=\"wp-block-column is-layout-flow wp-block-column-is-layout-flow\" style=\"flex-basis:16.67%\"><\/div>\n<\/div>\n<\/div><\/div>\n\n\n\n<div style=\"height:100px\" aria-hidden=\"true\" class=\"wp-block-spacer\"><\/div>","protected":false},"excerpt":{"rendered":"<p>Ce documentaire est l&rsquo;initiative de trois \u00e9tudiants qui ont b\u00e9n\u00e9volement men\u00e9 le projet. Celui-ci se situe dans la continuit\u00e9 des d\u00e9bats citoyens organis\u00e9s \u00e0 Bordeaux en 2015-2017 sur la d\u00e9mocratie et l&rsquo;engagement.<\/p>","protected":false},"author":1,"featured_media":0,"parent":0,"menu_order":0,"comment_status":"closed","ping_status":"closed","template":"","meta":{"neve_meta_sidebar":"","neve_meta_container":"","neve_meta_enable_content_width":"","neve_meta_content_width":0,"neve_meta_title_alignment":"","neve_meta_author_avatar":"","neve_post_elements_order":"","neve_meta_disable_header":"","neve_meta_disable_footer":"","neve_meta_disable_title":"","footnotes":""},"class_list":["post-529","page","type-page","status-publish","hentry"],"_links":{"self":[{"href":"https:\/\/sur-les-traces-de-la-democratie.com\/en\/wp-json\/wp\/v2\/pages\/529","targetHints":{"allow":["GET"]}}],"collection":[{"href":"https:\/\/sur-les-traces-de-la-democratie.com\/en\/wp-json\/wp\/v2\/pages"}],"about":[{"href":"https:\/\/sur-les-traces-de-la-democratie.com\/en\/wp-json\/wp\/v2\/types\/page"}],"author":[{"embeddable":true,"href":"https:\/\/sur-les-traces-de-la-democratie.com\/en\/wp-json\/wp\/v2\/users\/1"}],"replies":[{"embeddable":true,"href":"https:\/\/sur-les-traces-de-la-democratie.com\/en\/wp-json\/wp\/v2\/comments?post=529"}],"version-history":[{"count":0,"href":"https:\/\/sur-les-traces-de-la-democratie.com\/en\/wp-json\/wp\/v2\/pages\/529\/revisions"}],"wp:attachment":[{"href":"https:\/\/sur-les-traces-de-la-democratie.com\/en\/wp-json\/wp\/v2\/media?parent=529"}],"curies":[{"name":"wp","href":"https:\/\/api.w.org\/{rel}","templated":true}]}}