{"id":586,"date":"2022-02-17T16:11:46","date_gmt":"2022-02-17T16:11:46","guid":{"rendered":"https:\/\/sur-les-traces-de-la-democratie.com\/?page_id=586"},"modified":"2022-02-17T16:20:09","modified_gmt":"2022-02-17T16:20:09","slug":"organiser-une-projection","status":"publish","type":"page","link":"https:\/\/sur-les-traces-de-la-democratie.com\/en\/organiser-une-projection\/","title":{"rendered":"Organise a screening"},"content":{"rendered":"<figure class=\"wp-block-image alignfull size-large\"><img fetchpriority=\"high\" decoding=\"async\" width=\"1024\" height=\"288\" src=\"https:\/\/sur-les-traces-de-la-democratie.com\/wp-content\/uploads\/2022\/02\/baniere-1-1024x288.jpg\" alt=\"\" class=\"wp-image-591\" srcset=\"https:\/\/sur-les-traces-de-la-democratie.com\/wp-content\/uploads\/2022\/02\/baniere-1-1024x288.jpg 1024w, https:\/\/sur-les-traces-de-la-democratie.com\/wp-content\/uploads\/2022\/02\/baniere-1-300x84.jpg 300w, https:\/\/sur-les-traces-de-la-democratie.com\/wp-content\/uploads\/2022\/02\/baniere-1-768x216.jpg 768w, https:\/\/sur-les-traces-de-la-democratie.com\/wp-content\/uploads\/2022\/02\/baniere-1-1536x432.jpg 1536w, https:\/\/sur-les-traces-de-la-democratie.com\/wp-content\/uploads\/2022\/02\/baniere-1.jpg 1623w\" sizes=\"(max-width: 1024px) 100vw, 1024px\" \/><\/figure>\n\n\n\n<p>Organiser une diffusion du documentaire dans votre cin\u00e9ma local, c&rsquo;est simple !<\/p>\n\n\n\n<ol class=\"wp-block-list\"><li>Contact the cinema by sharing the link of this website<\/li><li>The cinema will contact us to obtain the movie<\/li><li>Write us an email to announce your initiative, if possible we will be present at the screening.<\/li><\/ol>\n\n\n\n<p>Contactez-nous pour avoir plus d&rsquo;information : contact [@] sur-les-traces-de-la-democratie.com<\/p>","protected":false},"excerpt":{"rendered":"<p>Organiser une diffusion du documentaire dans votre cin\u00e9ma local, c&rsquo;est simple ! Contacter la salle de cin\u00e9ma en partageant le lien de ce site web Le cin\u00e9ma nous contactera pour obtenir la bande originale \u00c9crivez-nous un email pour annoncer votre initiative, si possible nous viendrons pr\u00e9senter le documentaire. Contactez-nous pour avoir plus d&rsquo;information : contact&hellip;&nbsp;<a href=\"https:\/\/sur-les-traces-de-la-democratie.com\/en\/organiser-une-projection\/\" class=\"\" rel=\"bookmark\">Read More &raquo;<span class=\"screen-reader-text\">Organise a screening<\/span><\/a><\/p>","protected":false},"author":1,"featured_media":0,"parent":0,"menu_order":0,"comment_status":"closed","ping_status":"closed","template":"","meta":{"neve_meta_sidebar":"","neve_meta_container":"","neve_meta_enable_content_width":"","neve_meta_content_width":0,"neve_meta_title_alignment":"","neve_meta_author_avatar":"","neve_post_elements_order":"","neve_meta_disable_header":"","neve_meta_disable_footer":"","neve_meta_disable_title":"","footnotes":""},"class_list":["post-586","page","type-page","status-publish","hentry"],"_links":{"self":[{"href":"https:\/\/sur-les-traces-de-la-democratie.com\/en\/wp-json\/wp\/v2\/pages\/586","targetHints":{"allow":["GET"]}}],"collection":[{"href":"https:\/\/sur-les-traces-de-la-democratie.com\/en\/wp-json\/wp\/v2\/pages"}],"about":[{"href":"https:\/\/sur-les-traces-de-la-democratie.com\/en\/wp-json\/wp\/v2\/types\/page"}],"author":[{"embeddable":true,"href":"https:\/\/sur-les-traces-de-la-democratie.com\/en\/wp-json\/wp\/v2\/users\/1"}],"replies":[{"embeddable":true,"href":"https:\/\/sur-les-traces-de-la-democratie.com\/en\/wp-json\/wp\/v2\/comments?post=586"}],"version-history":[{"count":0,"href":"https:\/\/sur-les-traces-de-la-democratie.com\/en\/wp-json\/wp\/v2\/pages\/586\/revisions"}],"wp:attachment":[{"href":"https:\/\/sur-les-traces-de-la-democratie.com\/en\/wp-json\/wp\/v2\/media?parent=586"}],"curies":[{"name":"wp","href":"https:\/\/api.w.org\/{rel}","templated":true}]}}